{"id":135,"date":"2024-12-30T12:45:17","date_gmt":"2024-12-30T12:45:17","guid":{"rendered":"https:\/\/schenck-solutions.de\/?page_id=135"},"modified":"2026-03-20T08:20:38","modified_gmt":"2026-03-20T08:20:38","slug":"dies-und-das","status":"publish","type":"page","link":"https:\/\/schenck-solutions.de\/index.php\/dies-und-das\/","title":{"rendered":"Dies und Das"},"content":{"rendered":"\t\t<div data-elementor-type=\"wp-page\" data-elementor-id=\"135\" class=\"elementor elementor-135\" data-elementor-post-type=\"page\">\n\t\t\t\t<div class=\"elementor-element elementor-element-6f909319 e-flex e-con-boxed e-con e-parent\" data-id=\"6f909319\" data-element_type=\"container\" data-e-type=\"container\">\n\t\t\t\t\t<div class=\"e-con-inner\">\n\t\t\t\t<div class=\"elementor-element elementor-element-56c02151 elementor-widget elementor-widget-text-editor\" data-id=\"56c02151\" data-element_type=\"widget\" data-e-type=\"widget\" data-widget_type=\"text-editor.default\">\n\t\t\t\t<div class=\"elementor-widget-container\">\n\t\t\t\t\t\t\t\t\t<h1 class=\"wp-block-heading\">Fernwartung<\/h1><h4>Es gibt diverse Tools, die es erlauben, online auf einen Rechner zuzugreifen. Die bekanntesten sind Anydesk und Teamviewer. Diese Tools sind f\u00fcr Privatanwender kostenfrei, f\u00fcr gewerbliche kostenpflichtig.<\/h4><h4>Ein eine einfach zu handhabende Methode ist der Zugriff \u00fcber die Bordmittel von Windows.<\/h4><h4><a href=\"https:\/\/schenck-solutions.de\/wp-content\/uploads\/2025\/01\/Verbindungsaufbau-zwischen-Windows-Rechnern-1-1.pdf\">Verbindungsaufbau-zwischen-Windows-Rechnern-1<\/a>\u00a0 \u00a0Vorteil: Extrem einfache Handhabung<\/h4><div>&#8212;&#8212;&#8212;&#8212;&#8212;&#8212;&#8212;&#8212;&#8212;&#8212;&#8212;&#8212;&#8212;&#8212;&#8212;&#8212;&#8212;&#8212;&#8212;&#8212;&#8212;&#8212;&#8212;&#8212;&#8212;&#8212;&#8212;&#8212;&#8212;&#8212;&#8212;&#8212;&#8212;&#8212;&#8212;&#8212;&#8212;&#8212;&#8212;&#8212;&#8212;&#8212;&#8212;&#8212;&#8212;&#8212;&#8212;&#8212;&#8212;&#8212;&#8212;&#8212;&#8212;&#8212;&#8212;&#8212;&#8212;&#8212;&#8212;&#8212;&#8212;&#8212;&#8212;&#8212;&#8212;&#8212;<\/div><h4>Weitere M\u00f6glichkeiten\u00a0<\/h4><h4>Chrome Remote Desktop (Manche empfinden diesen Weg als etwa tricky)<\/h4><div>&#8212;&#8212;&#8212;&#8212;&#8212;&#8212;&#8212;&#8212;&#8212;&#8212;&#8212;&#8212;&#8212;&#8212;&#8212;&#8212;&#8212;&#8212;&#8212;&#8212;&#8212;&#8212;&#8212;&#8212;&#8212;&#8212;&#8212;&#8212;&#8212;&#8212;&#8212;&#8212;&#8212;&#8212;&#8212;&#8212;&#8212;&#8212;&#8212;&#8212;&#8212;&#8212;&#8212;&#8212;&#8212;&#8212;&#8212;&#8212;&#8212;&#8212;&#8212;&#8212;&#8212;&#8212;&#8212;&#8212;&#8212;&#8212;&#8212;&#8212;&#8212;&#8212;&#8212;&#8212;&#8212;&#8212;&#8212;-<\/div><h4>Immer mehr Anwender m\u00f6gen die Produkte von Google und Microsoft nicht mehr. Sie stehen auf Open-Source. Mit dem Open-Source Tool RustDesk kann ich mich mit Ihrer Erlaubnis auf Ihrem Windows-Rechner oder Apple-Rechner einloggen. Wie das geht, erfahren Sie auf folgendem Link:<\/h4><h3><a href=\"https:\/\/schenck-solutions.de\/index.php\/rustdesk-2\"><strong>Fernwartung mit RUST DESK\u00a0<\/strong><\/a> (noch einfacher als oben beschrieben)<\/h3><h1>Dateimanager<\/h1><h4>Eines der besten Programme zum Handling von Dateien:\u00a0 Der Total Commander von Ghisler. Laden Sie sich dieses Programm auf Ihren Rechner. Sie k\u00f6nnen es eine zeitlang kostenfrei testen. Danach kostet es kleines Geld, das hervorragend angelegt ist.<\/h4><h4><a href=\"https:\/\/www.ghisler.com\/download.htm\">Total Commander &#8211; Download<\/a><\/h4><p><!-- \/wp:heading --><\/p>\t\t\t\t\t\t\t\t<\/div>\n\t\t\t\t<\/div>\n\t\t\t\t\t<\/div>\n\t\t\t\t<\/div>\n\t\t<div class=\"elementor-element elementor-element-101de60 e-flex e-con-boxed e-con e-parent\" data-id=\"101de60\" data-element_type=\"container\" data-e-type=\"container\">\n\t\t\t\t\t<div class=\"e-con-inner\">\n\t\t\t\t<div class=\"elementor-element elementor-element-d20c3c7 elementor-widget elementor-widget-heading\" data-id=\"d20c3c7\" data-element_type=\"widget\" data-e-type=\"widget\" data-widget_type=\"heading.default\">\n\t\t\t\t<div class=\"elementor-widget-container\">\n\t\t\t\t\t<h2 class=\"elementor-heading-title elementor-size-default\">Einfache Bildbearbeitung<\/h2>\t\t\t\t<\/div>\n\t\t\t\t<\/div>\n\t\t\t\t\t<\/div>\n\t\t\t\t<\/div>\n\t\t<div class=\"elementor-element elementor-element-1cac9cd e-flex e-con-boxed e-con e-parent\" data-id=\"1cac9cd\" data-element_type=\"container\" data-e-type=\"container\">\n\t\t\t\t\t<div class=\"e-con-inner\">\n\t\t\t\t<div class=\"elementor-element elementor-element-ed6d363 elementor-widget elementor-widget-text-editor\" data-id=\"ed6d363\" data-element_type=\"widget\" data-e-type=\"widget\" data-widget_type=\"text-editor.default\">\n\t\t\t\t<div class=\"elementor-widget-container\">\n\t\t\t\t\t\t\t\t\t<h4>Ein sehr gutes Programm f\u00fcr die Bildbearbeitung, f\u00fcrs Scannen etc. ist IRFAN VIEW<\/h4>\n<h4><a href=\"https:\/\/www.irfanview.com\/\">IrfanView &#8211; Official Homepage &#8211; One of the Most Popular Viewers Worldwide<\/a><\/h4>\n<h4>Eine klare Empfehlung.<\/h4>\t\t\t\t\t\t\t\t<\/div>\n\t\t\t\t<\/div>\n\t\t\t\t\t<\/div>\n\t\t\t\t<\/div>\n\t\t\t\t<\/div>\n\t\t<div class=\"gsp_post_data\" \r\n\t            data-post_type=\"page\" \r\n\t            data-cat=\"\" \r\n\t            data-modified=\"120\"\r\n\t            data-created=\"1735562717\"\r\n\t            data-title=\"Dies und Das\" \r\n\t            data-home=\"https:\/\/schenck-solutions.de\"><\/div>","protected":false},"excerpt":{"rendered":"<p>Fernwartung Es gibt diverse Tools, die es erlauben, online auf einen Rechner zuzugreifen. Die bekanntesten sind Anydesk und Teamviewer. Diese Tools sind f\u00fcr Privatanwender kostenfrei, f\u00fcr gewerbliche kostenpflichtig. Ein eine einfach zu handhabende Methode ist der Zugriff \u00fcber die Bordmittel von Windows. Verbindungsaufbau-zwischen-Windows-Rechnern-1\u00a0 \u00a0Vorteil: Extrem einfache Handhabung &#8212;&#8212;&#8212;&#8212;&#8212;&#8212;&#8212;&#8212;&#8212;&#8212;&#8212;&#8212;&#8212;&#8212;&#8212;&#8212;&#8212;&#8212;&#8212;&#8212;&#8212;&#8212;&#8212;&#8212;&#8212;&#8212;&#8212;&#8212;&#8212;&#8212;&#8212;&#8212;&#8212;&#8212;&#8212;&#8212;&#8212;&#8212;&#8212;&#8212;&#8212;&#8212;&#8212;&#8212;&#8212;&#8212;&#8212;&#8212;&#8212;&#8212;&#8212;&#8212;&#8212;&#8212;&#8212;&#8212;&#8212;&#8212;&#8212;&#8212;&#8212;&#8212;&#8212;&#8212;&#8212;&#8212; Weitere M\u00f6glichkeiten\u00a0 Chrome Remote Desktop (Manche empfinden [&hellip;]<\/p>\n","protected":false},"author":1,"featured_media":0,"parent":0,"menu_order":0,"comment_status":"closed","ping_status":"closed","template":"","meta":{"footnotes":""},"class_list":["post-135","page","type-page","status-publish","hentry"],"_links":{"self":[{"href":"https:\/\/schenck-solutions.de\/index.php\/wp-json\/wp\/v2\/pages\/135","targetHints":{"allow":["GET"]}}],"collection":[{"href":"https:\/\/schenck-solutions.de\/index.php\/wp-json\/wp\/v2\/pages"}],"about":[{"href":"https:\/\/schenck-solutions.de\/index.php\/wp-json\/wp\/v2\/types\/page"}],"author":[{"embeddable":true,"href":"https:\/\/schenck-solutions.de\/index.php\/wp-json\/wp\/v2\/users\/1"}],"replies":[{"embeddable":true,"href":"https:\/\/schenck-solutions.de\/index.php\/wp-json\/wp\/v2\/comments?post=135"}],"version-history":[{"count":37,"href":"https:\/\/schenck-solutions.de\/index.php\/wp-json\/wp\/v2\/pages\/135\/revisions"}],"predecessor-version":[{"id":914,"href":"https:\/\/schenck-solutions.de\/index.php\/wp-json\/wp\/v2\/pages\/135\/revisions\/914"}],"wp:attachment":[{"href":"https:\/\/schenck-solutions.de\/index.php\/wp-json\/wp\/v2\/media?parent=135"}],"curies":[{"name":"wp","href":"https:\/\/api.w.org\/{rel}","templated":true}]}}