{"id":153,"date":"2024-12-30T12:53:24","date_gmt":"2024-12-30T12:53:24","guid":{"rendered":"https:\/\/schenck-solutions.de\/?page_id=153"},"modified":"2025-01-21T07:55:35","modified_gmt":"2025-01-21T07:55:35","slug":"training","status":"publish","type":"page","link":"https:\/\/schenck-solutions.de\/index.php\/training\/","title":{"rendered":"Training"},"content":{"rendered":"\r\n<h3 class=\"wp-block-heading\">\u00a0<\/h3>\r\n<h3>Der Fortschritt bei Software ist h\u00e4ufig nicht so gro\u00df, wie die Autoren behaupten. Man \u00e4ndert gern Bedieneroberfl\u00e4chen. Das ist einfacher als echte Innovation, sieht gern spektakul\u00e4r aus, verhindert aber effektives Arbeiten.<\/h3>\r\n<h3>\u00a0<\/h3>\r\n<h3>Bei solchen Problemen helfe ich gern. Meistens online.<\/h3>\r\n<h4>Wie ich auf Ihren Rechner komme, k\u00f6nnen Sie<a href=\"https:\/\/schenck-solutions.de\/index.php\/dies-und-das\/\"> hier<\/a> nachlesen.<\/h4>\r\n<div class=\"gsp_post_data\" \r\n\t            data-post_type=\"page\" \r\n\t            data-cat=\"\" \r\n\t            data-modified=\"120\"\r\n\t            data-created=\"1735563204\"\r\n\t            data-title=\"Training\" \r\n\t            data-home=\"https:\/\/schenck-solutions.de\"><\/div>","protected":false},"excerpt":{"rendered":"<p>\u00a0 Der Fortschritt bei Software ist h\u00e4ufig nicht so gro\u00df, wie die Autoren behaupten. Man \u00e4ndert gern Bedieneroberfl\u00e4chen. Das ist einfacher als echte Innovation, sieht gern spektakul\u00e4r aus, verhindert aber effektives Arbeiten. \u00a0 Bei solchen Problemen helfe ich gern. Meistens online. Wie ich auf Ihren Rechner komme, k\u00f6nnen Sie hier nachlesen.<\/p>\n","protected":false},"author":1,"featured_media":0,"parent":0,"menu_order":0,"comment_status":"closed","ping_status":"closed","template":"","meta":{"footnotes":""},"class_list":["post-153","page","type-page","status-publish","hentry"],"_links":{"self":[{"href":"https:\/\/schenck-solutions.de\/index.php\/wp-json\/wp\/v2\/pages\/153","targetHints":{"allow":["GET"]}}],"collection":[{"href":"https:\/\/schenck-solutions.de\/index.php\/wp-json\/wp\/v2\/pages"}],"about":[{"href":"https:\/\/schenck-solutions.de\/index.php\/wp-json\/wp\/v2\/types\/page"}],"author":[{"embeddable":true,"href":"https:\/\/schenck-solutions.de\/index.php\/wp-json\/wp\/v2\/users\/1"}],"replies":[{"embeddable":true,"href":"https:\/\/schenck-solutions.de\/index.php\/wp-json\/wp\/v2\/comments?post=153"}],"version-history":[{"count":4,"href":"https:\/\/schenck-solutions.de\/index.php\/wp-json\/wp\/v2\/pages\/153\/revisions"}],"predecessor-version":[{"id":428,"href":"https:\/\/schenck-solutions.de\/index.php\/wp-json\/wp\/v2\/pages\/153\/revisions\/428"}],"wp:attachment":[{"href":"https:\/\/schenck-solutions.de\/index.php\/wp-json\/wp\/v2\/media?parent=153"}],"curies":[{"name":"wp","href":"https:\/\/api.w.org\/{rel}","templated":true}]}}