{"id":44,"date":"2024-12-15T09:26:09","date_gmt":"2024-12-15T09:26:09","guid":{"rendered":"https:\/\/schenck-solutions.de\/?page_id=44"},"modified":"2025-01-30T06:28:26","modified_gmt":"2025-01-30T06:28:26","slug":"anfahrt","status":"publish","type":"page","link":"https:\/\/schenck-solutions.de\/index.php\/anfahrt\/","title":{"rendered":"Anfahrt"},"content":{"rendered":"\t\t<div data-elementor-type=\"wp-page\" data-elementor-id=\"44\" class=\"elementor elementor-44\" data-elementor-post-type=\"page\">\n\t\t\t\t<div class=\"elementor-element elementor-element-61276c6 e-flex e-con-boxed e-con e-parent\" data-id=\"61276c6\" data-element_type=\"container\" data-e-type=\"container\">\n\t\t\t\t\t<div class=\"e-con-inner\">\n\t\t<div class=\"elementor-element elementor-element-b111b0a e-con-full e-flex e-con e-child\" data-id=\"b111b0a\" data-element_type=\"container\" data-e-type=\"container\">\n\t\t\t\t<\/div>\n\t\t<div class=\"elementor-element elementor-element-613afb6 e-con-full e-flex e-con e-child\" data-id=\"613afb6\" data-element_type=\"container\" data-e-type=\"container\">\n\t\t\t\t<div class=\"elementor-element elementor-element-bc7a8a5 elementor-widget elementor-widget-heading\" data-id=\"bc7a8a5\" data-element_type=\"widget\" data-e-type=\"widget\" data-widget_type=\"heading.default\">\n\t\t\t\t<div class=\"elementor-widget-container\">\n\t\t\t\t\t<h2 class=\"elementor-heading-title elementor-size-default\">Ich bin im sch\u00f6nen Hattingen zu Hause<\/h2>\t\t\t\t<\/div>\n\t\t\t\t<\/div>\n\t\t\t\t<\/div>\n\t\t<div class=\"elementor-element elementor-element-ae9d72f e-con-full e-flex e-con e-child\" data-id=\"ae9d72f\" data-element_type=\"container\" data-e-type=\"container\">\n\t\t\t\t<\/div>\n\t\t\t\t\t<\/div>\n\t\t\t\t<\/div>\n\t\t<div class=\"elementor-element elementor-element-a3ade1b e-flex e-con-boxed e-con e-parent\" data-id=\"a3ade1b\" data-element_type=\"container\" data-e-type=\"container\">\n\t\t\t\t\t<div class=\"e-con-inner\">\n\t\t\t\t<div class=\"elementor-element elementor-element-b9c6f71 elementor-widget elementor-widget-image\" data-id=\"b9c6f71\" data-element_type=\"widget\" data-e-type=\"widget\" data-widget_type=\"image.default\">\n\t\t\t\t<div class=\"elementor-widget-container\">\n\t\t\t\t\t\t\t\t\t\t\t\t\t\t\t<img fetchpriority=\"high\" decoding=\"async\" width=\"1024\" height=\"577\" src=\"https:\/\/schenck-solutions.de\/wp-content\/uploads\/2025\/01\/background-walli-1024x577.jpg\" class=\"attachment-large size-large wp-image-393\" alt=\"\" srcset=\"https:\/\/schenck-solutions.de\/wp-content\/uploads\/2025\/01\/background-walli-1024x577.jpg 1024w, https:\/\/schenck-solutions.de\/wp-content\/uploads\/2025\/01\/background-walli-300x169.jpg 300w, https:\/\/schenck-solutions.de\/wp-content\/uploads\/2025\/01\/background-walli-768x433.jpg 768w, https:\/\/schenck-solutions.de\/wp-content\/uploads\/2025\/01\/background-walli.jpg 1337w\" sizes=\"(max-width: 1024px) 100vw, 1024px\" \/>\t\t\t\t\t\t\t\t\t\t\t\t\t\t\t<\/div>\n\t\t\t\t<\/div>\n\t\t\t\t\t<\/div>\n\t\t\t\t<\/div>\n\t\t<div class=\"elementor-element elementor-element-a60b90c e-flex e-con-boxed e-con e-parent\" data-id=\"a60b90c\" data-element_type=\"container\" data-e-type=\"container\">\n\t\t\t\t\t<div class=\"e-con-inner\">\n\t\t\t\t<div class=\"elementor-element elementor-element-bbe8268 elementor-widget elementor-widget-heading\" data-id=\"bbe8268\" data-element_type=\"widget\" data-e-type=\"widget\" data-widget_type=\"heading.default\">\n\t\t\t\t<div class=\"elementor-widget-container\">\n\t\t\t\t\t<h2 class=\"elementor-heading-title elementor-size-default\">Besuche bitte nur nach telefonischer Vereinbarung. Dann habe ich auch Zeit f\u00fcr Sie.<\/h2>\t\t\t\t<\/div>\n\t\t\t\t<\/div>\n\t\t\t\t\t<\/div>\n\t\t\t\t<\/div>\n\t\t<div class=\"elementor-element elementor-element-dd351eb e-flex e-con-boxed e-con e-parent\" data-id=\"dd351eb\" data-element_type=\"container\" data-e-type=\"container\">\n\t\t\t\t\t<div class=\"e-con-inner\">\n\t\t\t\t<div class=\"elementor-element elementor-element-17b73db elementor-widget elementor-widget-google_maps\" data-id=\"17b73db\" data-element_type=\"widget\" data-e-type=\"widget\" data-widget_type=\"google_maps.default\">\n\t\t\t\t<div class=\"elementor-widget-container\">\n\t\t\t\t\t\t\t<div class=\"elementor-custom-embed\">\n\t\t\t<iframe loading=\"lazy\"\n\t\t\t\t\tsrc=\"https:\/\/maps.google.com\/maps?q=An%20der%20Hesselbecke%2031%2C%2045527%20Hattingen&#038;t=m&#038;z=10&#038;output=embed&#038;iwloc=near\"\n\t\t\t\t\ttitle=\"An der Hesselbecke 31, 45527 Hattingen\"\n\t\t\t\t\taria-label=\"An der Hesselbecke 31, 45527 Hattingen\"\n\t\t\t><\/iframe>\n\t\t<\/div>\n\t\t\t\t\t\t<\/div>\n\t\t\t\t<\/div>\n\t\t\t\t\t<\/div>\n\t\t\t\t<\/div>\n\t\t<div class=\"elementor-element elementor-element-ab89eb9 e-flex e-con-boxed e-con e-parent\" data-id=\"ab89eb9\" data-element_type=\"container\" data-e-type=\"container\">\n\t\t\t\t\t<div class=\"e-con-inner\">\n\t\t\t\t<div class=\"elementor-element elementor-element-a2bbbfa elementor-widget elementor-widget-heading\" data-id=\"a2bbbfa\" data-element_type=\"widget\" data-e-type=\"widget\" data-widget_type=\"heading.default\">\n\t\t\t\t<div class=\"elementor-widget-container\">\n\t\t\t\t\t<h2 class=\"elementor-heading-title elementor-size-default\">Nach Eingabe der Startadresse f\u00fchrt Sie Ihr Smartphone zu meinem B\u00fcro.<\/h2>\t\t\t\t<\/div>\n\t\t\t\t<\/div>\n\t\t\t\t\t<\/div>\n\t\t\t\t<\/div>\n\t\t\t\t<\/div>\n\t\t<div class=\"gsp_post_data\" \r\n\t            data-post_type=\"page\" \r\n\t            data-cat=\"\" \r\n\t            data-modified=\"120\"\r\n\t            data-created=\"1734254769\"\r\n\t            data-title=\"Anfahrt\" \r\n\t            data-home=\"https:\/\/schenck-solutions.de\"><\/div>","protected":false},"excerpt":{"rendered":"<p>Ich bin im sch\u00f6nen Hattingen zu Hause Besuche bitte nur nach telefonischer Vereinbarung. Dann habe ich auch Zeit f\u00fcr Sie. Nach Eingabe der Startadresse f\u00fchrt Sie Ihr Smartphone zu meinem B\u00fcro.<\/p>\n","protected":false},"author":1,"featured_media":0,"parent":0,"menu_order":0,"comment_status":"closed","ping_status":"closed","template":"","meta":{"footnotes":""},"class_list":["post-44","page","type-page","status-publish","hentry"],"_links":{"self":[{"href":"https:\/\/schenck-solutions.de\/index.php\/wp-json\/wp\/v2\/pages\/44","targetHints":{"allow":["GET"]}}],"collection":[{"href":"https:\/\/schenck-solutions.de\/index.php\/wp-json\/wp\/v2\/pages"}],"about":[{"href":"https:\/\/schenck-solutions.de\/index.php\/wp-json\/wp\/v2\/types\/page"}],"author":[{"embeddable":true,"href":"https:\/\/schenck-solutions.de\/index.php\/wp-json\/wp\/v2\/users\/1"}],"replies":[{"embeddable":true,"href":"https:\/\/schenck-solutions.de\/index.php\/wp-json\/wp\/v2\/comments?post=44"}],"version-history":[{"count":25,"href":"https:\/\/schenck-solutions.de\/index.php\/wp-json\/wp\/v2\/pages\/44\/revisions"}],"predecessor-version":[{"id":516,"href":"https:\/\/schenck-solutions.de\/index.php\/wp-json\/wp\/v2\/pages\/44\/revisions\/516"}],"wp:attachment":[{"href":"https:\/\/schenck-solutions.de\/index.php\/wp-json\/wp\/v2\/media?parent=44"}],"curies":[{"name":"wp","href":"https:\/\/api.w.org\/{rel}","templated":true}]}}